{"id":4651,"date":"2021-11-25T15:31:06","date_gmt":"2021-11-25T14:31:06","guid":{"rendered":"https:\/\/www.cimex.cz\/hotel-monty\/"},"modified":"2022-04-26T00:15:03","modified_gmt":"2022-04-25T22:15:03","slug":"hotel-monty","status":"publish","type":"page","link":"https:\/\/www.cimex.cz\/en\/hotel-monty\/","title":{"rendered":"Hotel Monty"},"content":{"rendered":"\t\t<div data-elementor-type=\"wp-page\" data-elementor-id=\"4651\" class=\"elementor elementor-4651 elementor-3348\">\n\t\t\t\t\t\t\t\t\t<section class=\"elementor-section elementor-top-section elementor-element elementor-element-31c19e1 ng-intro elementor-section-boxed elementor-section-height-default elementor-section-height-default\" data-id=\"31c19e1\" data-element_type=\"section\" data-settings=\"{&quot;background_background&quot;:&quot;classic&quot;}\">\n\t\t\t\t\t\t<div class=\"elementor-container elementor-column-gap-wider\">\n\t\t\t\t\t<div class=\"elementor-column elementor-col-100 elementor-top-column elementor-element elementor-element-1623e04\" data-id=\"1623e04\" data-element_type=\"column\">\n\t\t\t<div class=\"elementor-widget-wrap elementor-element-populated\">\n\t\t\t\t\t\t\t\t<div class=\"elementor-element elementor-element-20473a9 elementor-widget elementor-widget-heading\" data-id=\"20473a9\" data-element_type=\"widget\" data-widget_type=\"heading.default\">\n\t\t\t\t<div class=\"elementor-widget-container\">\n\t\t\t<h2 class=\"elementor-heading-title elementor-size-default\">Hotel Monty<\/h2>\t\t<\/div>\n\t\t\t\t<\/div>\n\t\t\t\t<div class=\"elementor-element elementor-element-fa6442d elementor-widget elementor-widget-text-editor\" data-id=\"fa6442d\" data-element_type=\"widget\" data-widget_type=\"text-editor.default\">\n\t\t\t\t<div class=\"elementor-widget-container\">\n\t\t\t\t\t\t\t<p>Hotel for sale in Mari\u00e1nsk\u00e9 L\u00e1zn\u011b. <\/p>\t\t\t\t\t\t<\/div>\n\t\t\t\t<\/div>\n\t\t\t\t<div class=\"elementor-element elementor-element-71cc04f uael-ins-normal uael-img-carousel-arrow-outside elementor-widget elementor-widget-uael-image-gallery\" data-id=\"71cc04f\" data-element_type=\"widget\" data-widget_type=\"uael-image-gallery.default\">\n\t\t\t\t<div class=\"elementor-widget-container\">\n\t\t\t<div class=\"uael-gallery-parent uael-caption- uael-gallery-unjustified\"><div data-image_carousel=\"{&quot;slidesToShow&quot;:5,&quot;slidesToScroll&quot;:1,&quot;autoplaySpeed&quot;:5000,&quot;autoplay&quot;:false,&quot;infinite&quot;:true,&quot;pauseOnHover&quot;:true,&quot;speed&quot;:500,&quot;arrows&quot;:true,&quot;dots&quot;:false,&quot;rtl&quot;:false,&quot;responsive&quot;:[{&quot;breakpoint&quot;:1024,&quot;settings&quot;:{&quot;slidesToShow&quot;:3,&quot;slidesToScroll&quot;:1}},{&quot;breakpoint&quot;:767,&quot;settings&quot;:{&quot;slidesToShow&quot;:2,&quot;slidesToScroll&quot;:1}}]}\" class=\"uael-img-gallery-wrap uael-img-carousel-wrap uael-nav-arrows uael-image-lightbox-wrap\" data-filter-default=\"All\" data-lightbox_actions=\"[&quot;close&quot;]\" data-lightbox-gallery-loop=\"\"><div class=\"uael-grid-item  uael-img-gallery-item-1\"><div class=\"uael-grid-item-content\"><a class=\"uael-grid-img uael-grid-gallery-img uael-ins-hover elementor-clickable\" data-fancybox=\"uael-gallery\" href=\"https:\/\/www.cimex.cz\/wp-content\/uploads\/2022\/03\/MONTY_01.jpg\" data-elementor-open-lightbox=\"no\"><div class=\"uael-grid-img-thumbnail uael-ins-target\"><img decoding=\"async\" src=\"https:\/\/www.cimex.cz\/wp-content\/uploads\/elementor\/thumbs\/MONTY_01-q65nsureliyv6sdohrcg9ev0q8qjddqeaurahn2qpk.jpg\" title=\"MONTY_01\" alt=\"MONTY_01\" \/><\/div><div class=\"uael-grid-img-overlay\"><\/div><\/a><\/div><\/div><div class=\"uael-grid-item  uael-img-gallery-item-2\"><div class=\"uael-grid-item-content\"><a class=\"uael-grid-img uael-grid-gallery-img uael-ins-hover elementor-clickable\" data-fancybox=\"uael-gallery\" href=\"https:\/\/www.cimex.cz\/wp-content\/uploads\/2022\/03\/MONTY_02.jpg\" data-elementor-open-lightbox=\"no\"><div class=\"uael-grid-img-thumbnail uael-ins-target\"><img decoding=\"async\" src=\"https:\/\/www.cimex.cz\/wp-content\/uploads\/elementor\/thumbs\/MONTY_02-q65nsureliyv6sdohrcg9ev0q8qjddqeaurahn2qpk.jpg\" title=\"MONTY_02\" alt=\"MONTY_02\" \/><\/div><div class=\"uael-grid-img-overlay\"><\/div><\/a><\/div><\/div><div class=\"uael-grid-item  uael-img-gallery-item-3\"><div class=\"uael-grid-item-content\"><a class=\"uael-grid-img uael-grid-gallery-img uael-ins-hover elementor-clickable\" data-fancybox=\"uael-gallery\" href=\"https:\/\/www.cimex.cz\/wp-content\/uploads\/2022\/03\/MONTY_03.jpg\" data-elementor-open-lightbox=\"no\"><div class=\"uael-grid-img-thumbnail uael-ins-target\"><img decoding=\"async\" src=\"https:\/\/www.cimex.cz\/wp-content\/uploads\/elementor\/thumbs\/MONTY_03-q65nsureliyv6sdohrcg9ev0q8qjddqeaurahn2qpk.jpg\" title=\"MONTY_03\" alt=\"MONTY_03\" \/><\/div><div class=\"uael-grid-img-overlay\"><\/div><\/a><\/div><\/div><div class=\"uael-grid-item  uael-img-gallery-item-4\"><div class=\"uael-grid-item-content\"><a class=\"uael-grid-img uael-grid-gallery-img uael-ins-hover elementor-clickable\" data-fancybox=\"uael-gallery\" href=\"https:\/\/www.cimex.cz\/wp-content\/uploads\/2022\/03\/u_monty_ML_8_2011_MG_2458Untitled-Job.jpg\" data-elementor-open-lightbox=\"no\"><div class=\"uael-grid-img-thumbnail uael-ins-target\"><img decoding=\"async\" src=\"https:\/\/www.cimex.cz\/wp-content\/uploads\/elementor\/thumbs\/u_monty_ML_8_2011_MG_2458Untitled-Job-q65nt45shvbqew00yvepychmo3g7icrpo5a5aeoszc.jpg\" title=\"u_monty_ML_8_2011_MG_2458Untitled Job\" alt=\"u_monty_ML_8_2011_MG_2458Untitled Job\" \/><\/div><div class=\"uael-grid-img-overlay\"><\/div><\/a><\/div><\/div><div class=\"uael-grid-item  uael-img-gallery-item-5\"><div class=\"uael-grid-item-content\"><a class=\"uael-grid-img uael-grid-gallery-img uael-ins-hover elementor-clickable\" data-fancybox=\"uael-gallery\" href=\"https:\/\/www.cimex.cz\/wp-content\/uploads\/2022\/03\/54-B.jpg\" data-elementor-open-lightbox=\"no\"><div class=\"uael-grid-img-thumbnail uael-ins-target\"><img decoding=\"async\" src=\"https:\/\/www.cimex.cz\/wp-content\/uploads\/elementor\/thumbs\/54-B-q65nrra6mhgtn5z0waa4cotns254e3do5fcwc0p9yw.jpg\" title=\"54 B\" alt=\"54 B\" \/><\/div><div class=\"uael-grid-img-overlay\"><\/div><\/a><\/div><\/div><div class=\"uael-grid-item  uael-img-gallery-item-6\"><div class=\"uael-grid-item-content\"><a class=\"uael-grid-img uael-grid-gallery-img uael-ins-hover elementor-clickable\" data-fancybox=\"uael-gallery\" href=\"https:\/\/www.cimex.cz\/wp-content\/uploads\/2022\/03\/BAR.jpg\" data-elementor-open-lightbox=\"no\"><div class=\"uael-grid-img-thumbnail uael-ins-target\"><img decoding=\"async\" src=\"https:\/\/www.cimex.cz\/wp-content\/uploads\/elementor\/thumbs\/BAR-q65nrt5v05jeadwalb3dhockytvuthl4tonvakmhmg.jpg\" title=\"BAR\" alt=\"BAR\" \/><\/div><div class=\"uael-grid-img-overlay\"><\/div><\/a><\/div><\/div><div class=\"uael-grid-item  uael-img-gallery-item-7\"><div class=\"uael-grid-item-content\"><a class=\"uael-grid-img uael-grid-gallery-img uael-ins-hover elementor-clickable\" data-fancybox=\"uael-gallery\" href=\"https:\/\/www.cimex.cz\/wp-content\/uploads\/2022\/03\/BAZEN_02.jpg\" data-elementor-open-lightbox=\"no\"><div class=\"uael-grid-img-thumbnail uael-ins-target\"><img decoding=\"async\" src=\"https:\/\/www.cimex.cz\/wp-content\/uploads\/elementor\/thumbs\/BAZEN_02-q65nrt5v05jeadwalb3dhockytvuthl4tonvakmhmg.jpg\" title=\"BAZEN_02\" alt=\"BAZEN_02\" \/><\/div><div class=\"uael-grid-img-overlay\"><\/div><\/a><\/div><\/div><div class=\"uael-grid-item  uael-img-gallery-item-8\"><div class=\"uael-grid-item-content\"><a class=\"uael-grid-img uael-grid-gallery-img uael-ins-hover elementor-clickable\" data-fancybox=\"uael-gallery\" href=\"https:\/\/www.cimex.cz\/wp-content\/uploads\/2022\/03\/BALNEO.jpg\" data-elementor-open-lightbox=\"no\"><div class=\"uael-grid-img-thumbnail uael-ins-target\"><img decoding=\"async\" src=\"https:\/\/www.cimex.cz\/wp-content\/uploads\/elementor\/thumbs\/BALNEO-q65nrra6mhgtn5z0waa4cotns254e3do5fcwc0p9yw.jpg\" title=\"BALNEO\" alt=\"BALNEO\" \/><\/div><div class=\"uael-grid-img-overlay\"><\/div><\/a><\/div><\/div><\/div><\/div>\t\t<\/div>\n\t\t\t\t<\/div>\n\t\t\t\t\t<\/div>\n\t\t<\/div>\n\t\t\t\t\t\t\t<\/div>\n\t\t<\/section>\n\t\t\t\t\t\t\t<\/div>\n\t\t","protected":false},"excerpt":{"rendered":"<p>Hotel Monty Hotel for sale in Mari\u00e1nsk\u00e9 L\u00e1zn\u011b.<\/p>\n","protected":false},"author":2,"featured_media":0,"parent":0,"menu_order":0,"comment_status":"closed","ping_status":"closed","template":"","meta":{"site-sidebar-layout":"no-sidebar","site-content-layout":"page-builder","ast-main-header-display":"","ast-hfb-above-header-display":"","ast-hfb-below-header-display":"","ast-hfb-mobile-header-display":"","site-post-title":"disabled","ast-breadcrumbs-content":"","ast-featured-img":"disabled","footer-sml-layout":"","theme-transparent-header-meta":"","adv-header-id-meta":"","stick-header-meta":"","header-above-stick-meta":"","header-main-stick-meta":"","header-below-stick-meta":"","footnotes":""},"class_list":["post-4651","page","type-page","status-publish","hentry"],"yoast_head":"<!-- This site is optimized with the Yoast SEO plugin v19.13 - https:\/\/yoast.com\/wordpress\/plugins\/seo\/ -->\n<title>Hotel Monty - Cimex<\/title>\n<meta name=\"robots\" content=\"index, follow, max-snippet:-1, max-image-preview:large, max-video-preview:-1\" \/>\n<link rel=\"canonical\" href=\"https:\/\/www.cimex.cz\/en\/hotel-monty\/\" \/>\n<meta property=\"og:locale\" content=\"en_US\" \/>\n<meta property=\"og:type\" content=\"article\" \/>\n<meta property=\"og:title\" content=\"Hotel Monty - Cimex\" \/>\n<meta property=\"og:description\" content=\"Hotel Monty Hotel for sale in Mari\u00e1nsk\u00e9 L\u00e1zn\u011b.\" \/>\n<meta property=\"og:url\" content=\"https:\/\/www.cimex.cz\/en\/hotel-monty\/\" \/>\n<meta property=\"og:site_name\" content=\"Cimex\" \/>\n<meta property=\"article:modified_time\" content=\"2022-04-25T22:15:03+00:00\" \/>\n<meta property=\"og:image\" content=\"https:\/\/www.cimex.cz\/wp-content\/uploads\/elementor\/thumbs\/MONTY_01-pmjt9fkyaewiwcj1tbl2ctaac82hhmu7t3jgpfn5iw.jpg\" \/>\n<meta name=\"twitter:card\" content=\"summary_large_image\" \/>\n<script type=\"application\/ld+json\" class=\"yoast-schema-graph\">{\"@context\":\"https:\/\/schema.org\",\"@graph\":[{\"@type\":\"WebPage\",\"@id\":\"https:\/\/www.cimex.cz\/en\/hotel-monty\/\",\"url\":\"https:\/\/www.cimex.cz\/en\/hotel-monty\/\",\"name\":\"Hotel Monty - Cimex\",\"isPartOf\":{\"@id\":\"https:\/\/www.cimex.cz\/#website\"},\"datePublished\":\"2021-11-25T14:31:06+00:00\",\"dateModified\":\"2022-04-25T22:15:03+00:00\",\"breadcrumb\":{\"@id\":\"https:\/\/www.cimex.cz\/en\/hotel-monty\/#breadcrumb\"},\"inLanguage\":\"en-US\",\"potentialAction\":[{\"@type\":\"ReadAction\",\"target\":[\"https:\/\/www.cimex.cz\/en\/hotel-monty\/\"]}]},{\"@type\":\"BreadcrumbList\",\"@id\":\"https:\/\/www.cimex.cz\/en\/hotel-monty\/#breadcrumb\",\"itemListElement\":[{\"@type\":\"ListItem\",\"position\":1,\"name\":\"Home\",\"item\":\"https:\/\/www.cimex.cz\/en\/\"},{\"@type\":\"ListItem\",\"position\":2,\"name\":\"Hotel Monty\"}]},{\"@type\":\"WebSite\",\"@id\":\"https:\/\/www.cimex.cz\/#website\",\"url\":\"https:\/\/www.cimex.cz\/\",\"name\":\"Cimex\",\"description\":\"\",\"publisher\":{\"@id\":\"https:\/\/www.cimex.cz\/#organization\"},\"potentialAction\":[{\"@type\":\"SearchAction\",\"target\":{\"@type\":\"EntryPoint\",\"urlTemplate\":\"https:\/\/www.cimex.cz\/?s={search_term_string}\"},\"query-input\":\"required name=search_term_string\"}],\"inLanguage\":\"en-US\"},{\"@type\":\"Organization\",\"@id\":\"https:\/\/www.cimex.cz\/#organization\",\"name\":\"Cimex\",\"url\":\"https:\/\/www.cimex.cz\/\",\"logo\":{\"@type\":\"ImageObject\",\"inLanguage\":\"en-US\",\"@id\":\"https:\/\/www.cimex.cz\/#\/schema\/logo\/image\/\",\"url\":\"https:\/\/www.cimex.cz\/wp-content\/uploads\/2021\/11\/Cimex_logo_final_bila.gif\",\"contentUrl\":\"https:\/\/www.cimex.cz\/wp-content\/uploads\/2021\/11\/Cimex_logo_final_bila.gif\",\"width\":848,\"height\":1072,\"caption\":\"Cimex\"},\"image\":{\"@id\":\"https:\/\/www.cimex.cz\/#\/schema\/logo\/image\/\"}}]}<\/script>\n<!-- \/ Yoast SEO plugin. -->","yoast_head_json":{"title":"Hotel Monty - Cimex","robots":{"index":"index","follow":"follow","max-snippet":"max-snippet:-1","max-image-preview":"max-image-preview:large","max-video-preview":"max-video-preview:-1"},"canonical":"https:\/\/www.cimex.cz\/en\/hotel-monty\/","og_locale":"en_US","og_type":"article","og_title":"Hotel Monty - Cimex","og_description":"Hotel Monty Hotel for sale in Mari\u00e1nsk\u00e9 L\u00e1zn\u011b.","og_url":"https:\/\/www.cimex.cz\/en\/hotel-monty\/","og_site_name":"Cimex","article_modified_time":"2022-04-25T22:15:03+00:00","og_image":[{"url":"https:\/\/www.cimex.cz\/wp-content\/uploads\/elementor\/thumbs\/MONTY_01-pmjt9fkyaewiwcj1tbl2ctaac82hhmu7t3jgpfn5iw.jpg"}],"twitter_card":"summary_large_image","schema":{"@context":"https:\/\/schema.org","@graph":[{"@type":"WebPage","@id":"https:\/\/www.cimex.cz\/en\/hotel-monty\/","url":"https:\/\/www.cimex.cz\/en\/hotel-monty\/","name":"Hotel Monty - Cimex","isPartOf":{"@id":"https:\/\/www.cimex.cz\/#website"},"datePublished":"2021-11-25T14:31:06+00:00","dateModified":"2022-04-25T22:15:03+00:00","breadcrumb":{"@id":"https:\/\/www.cimex.cz\/en\/hotel-monty\/#breadcrumb"},"inLanguage":"en-US","potentialAction":[{"@type":"ReadAction","target":["https:\/\/www.cimex.cz\/en\/hotel-monty\/"]}]},{"@type":"BreadcrumbList","@id":"https:\/\/www.cimex.cz\/en\/hotel-monty\/#breadcrumb","itemListElement":[{"@type":"ListItem","position":1,"name":"Home","item":"https:\/\/www.cimex.cz\/en\/"},{"@type":"ListItem","position":2,"name":"Hotel Monty"}]},{"@type":"WebSite","@id":"https:\/\/www.cimex.cz\/#website","url":"https:\/\/www.cimex.cz\/","name":"Cimex","description":"","publisher":{"@id":"https:\/\/www.cimex.cz\/#organization"},"potentialAction":[{"@type":"SearchAction","target":{"@type":"EntryPoint","urlTemplate":"https:\/\/www.cimex.cz\/?s={search_term_string}"},"query-input":"required name=search_term_string"}],"inLanguage":"en-US"},{"@type":"Organization","@id":"https:\/\/www.cimex.cz\/#organization","name":"Cimex","url":"https:\/\/www.cimex.cz\/","logo":{"@type":"ImageObject","inLanguage":"en-US","@id":"https:\/\/www.cimex.cz\/#\/schema\/logo\/image\/","url":"https:\/\/www.cimex.cz\/wp-content\/uploads\/2021\/11\/Cimex_logo_final_bila.gif","contentUrl":"https:\/\/www.cimex.cz\/wp-content\/uploads\/2021\/11\/Cimex_logo_final_bila.gif","width":848,"height":1072,"caption":"Cimex"},"image":{"@id":"https:\/\/www.cimex.cz\/#\/schema\/logo\/image\/"}}]}},"_links":{"self":[{"href":"https:\/\/www.cimex.cz\/en\/wp-json\/wp\/v2\/pages\/4651","targetHints":{"allow":["GET"]}}],"collection":[{"href":"https:\/\/www.cimex.cz\/en\/wp-json\/wp\/v2\/pages"}],"about":[{"href":"https:\/\/www.cimex.cz\/en\/wp-json\/wp\/v2\/types\/page"}],"author":[{"embeddable":true,"href":"https:\/\/www.cimex.cz\/en\/wp-json\/wp\/v2\/users\/2"}],"replies":[{"embeddable":true,"href":"https:\/\/www.cimex.cz\/en\/wp-json\/wp\/v2\/comments?post=4651"}],"version-history":[{"count":1,"href":"https:\/\/www.cimex.cz\/en\/wp-json\/wp\/v2\/pages\/4651\/revisions"}],"predecessor-version":[{"id":4652,"href":"https:\/\/www.cimex.cz\/en\/wp-json\/wp\/v2\/pages\/4651\/revisions\/4652"}],"wp:attachment":[{"href":"https:\/\/www.cimex.cz\/en\/wp-json\/wp\/v2\/media?parent=4651"}],"curies":[{"name":"wp","href":"https:\/\/api.w.org\/{rel}","templated":true}]}}