{"id":4653,"date":"2021-11-04T13:45:44","date_gmt":"2021-11-04T12:45:44","guid":{"rendered":"https:\/\/www.cimex.cz\/hradebni-hastalska\/"},"modified":"2024-01-31T16:15:32","modified_gmt":"2024-01-31T15:15:32","slug":"hradebni-hastalska","status":"publish","type":"page","link":"https:\/\/www.cimex.cz\/en\/hradebni-hastalska\/","title":{"rendered":"Hradebn\u00ed &#8211; Ha\u0161talsk\u00e1"},"content":{"rendered":"\t\t<div data-elementor-type=\"wp-page\" data-elementor-id=\"4653\" class=\"elementor elementor-4653 elementor-2149\">\n\t\t\t\t\t\t\t\t\t<section class=\"elementor-section elementor-top-section elementor-element elementor-element-7964378 elementor-section-boxed elementor-section-height-default elementor-section-height-default\" data-id=\"7964378\" data-element_type=\"section\">\n\t\t\t\t\t\t<div class=\"elementor-container elementor-column-gap-default\">\n\t\t\t\t\t<div class=\"elementor-column elementor-col-100 elementor-top-column elementor-element elementor-element-ba07fc9\" data-id=\"ba07fc9\" data-element_type=\"column\">\n\t\t\t<div class=\"elementor-widget-wrap elementor-element-populated\">\n\t\t\t\t\t\t\t\t<div class=\"elementor-element elementor-element-7ba6937 elementor-widget elementor-widget-heading\" data-id=\"7ba6937\" data-element_type=\"widget\" data-widget_type=\"heading.default\">\n\t\t\t\t<div class=\"elementor-widget-container\">\n\t\t\t<h2 class=\"elementor-heading-title elementor-size-default\">Hradebn\u00ed-Ha\u0161talsk\u00e1<\/h2>\t\t<\/div>\n\t\t\t\t<\/div>\n\t\t\t\t<div class=\"elementor-element elementor-element-97b868a elementor-widget elementor-widget-text-editor\" data-id=\"97b868a\" data-element_type=\"widget\" data-widget_type=\"text-editor.default\">\n\t\t\t\t<div class=\"elementor-widget-container\">\n\t\t\t\t\t\t\t<p>Re-development of two interconnected buildings, numbering more than 5000 m2 for further development. Seven floors above ground and two basements with 95 rooms and 23 parking spaces.<\/p>\t\t\t\t\t\t<\/div>\n\t\t\t\t<\/div>\n\t\t\t\t<div class=\"elementor-element elementor-element-4600235 uael-ins-normal uael-img-carousel-arrow-outside elementor-widget elementor-widget-uael-image-gallery\" data-id=\"4600235\" data-element_type=\"widget\" data-widget_type=\"uael-image-gallery.default\">\n\t\t\t\t<div class=\"elementor-widget-container\">\n\t\t\t<div class=\"uael-gallery-parent uael-caption- uael-gallery-unjustified\"><div data-image_carousel=\"{&quot;slidesToShow&quot;:5,&quot;slidesToScroll&quot;:1,&quot;autoplaySpeed&quot;:5000,&quot;autoplay&quot;:false,&quot;infinite&quot;:true,&quot;pauseOnHover&quot;:true,&quot;speed&quot;:500,&quot;arrows&quot;:true,&quot;dots&quot;:false,&quot;rtl&quot;:false,&quot;responsive&quot;:[{&quot;breakpoint&quot;:1024,&quot;settings&quot;:{&quot;slidesToShow&quot;:3,&quot;slidesToScroll&quot;:1}},{&quot;breakpoint&quot;:767,&quot;settings&quot;:{&quot;slidesToShow&quot;:2,&quot;slidesToScroll&quot;:1}}]}\" class=\"uael-img-gallery-wrap uael-img-carousel-wrap uael-nav-arrows uael-image-lightbox-wrap\" data-filter-default=\"All\" data-lightbox_actions=\"[&quot;close&quot;]\" data-lightbox-gallery-loop=\"\"><div class=\"uael-grid-item  uael-img-gallery-item-1\"><div class=\"uael-grid-item-content\"><a class=\"uael-grid-img uael-grid-gallery-img uael-ins-hover elementor-clickable\" data-fancybox=\"uael-gallery\" href=\"https:\/\/www.cimex.cz\/wp-content\/uploads\/2021\/11\/vizualizace-01-1-450x450-1.jpg\" data-elementor-open-lightbox=\"no\"><div class=\"uael-grid-img-thumbnail uael-ins-target\"><img decoding=\"async\" src=\"https:\/\/www.cimex.cz\/wp-content\/uploads\/elementor\/thumbs\/vizualizace-01-1-450x450-1-q65nrhvsq53yf2cof67unr71u7fg94ccs4u1j937p4.jpg\" title=\"vizualizace-01-1-450&#215;450\" alt=\"vizualizace-01-1-450x450\" \/><\/div><div class=\"uael-grid-img-overlay\"><\/div><\/a><\/div><\/div><div class=\"uael-grid-item  uael-img-gallery-item-2\"><div class=\"uael-grid-item-content\"><a class=\"uael-grid-img uael-grid-gallery-img uael-ins-hover elementor-clickable\" data-fancybox=\"uael-gallery\" href=\"https:\/\/www.cimex.cz\/wp-content\/uploads\/2021\/11\/vizualizace-02-450x450-1.jpg\" data-elementor-open-lightbox=\"no\"><div class=\"uael-grid-img-thumbnail uael-ins-target\"><img decoding=\"async\" src=\"https:\/\/www.cimex.cz\/wp-content\/uploads\/elementor\/thumbs\/vizualizace-02-450x450-1-q65nrjrh3t6j2a9y4713sqpz0z66oijtge50ht0fco.jpg\" title=\"vizualizace-02-450&#215;450\" alt=\"vizualizace-02-450x450\" \/><\/div><div class=\"uael-grid-img-overlay\"><\/div><\/a><\/div><\/div><div class=\"uael-grid-item  uael-img-gallery-item-3\"><div class=\"uael-grid-item-content\"><a class=\"uael-grid-img uael-grid-gallery-img uael-ins-hover elementor-clickable\" data-fancybox=\"uael-gallery\" href=\"https:\/\/www.cimex.cz\/wp-content\/uploads\/2021\/11\/vizualizace-03-450x450-1.jpg\" data-elementor-open-lightbox=\"no\"><div class=\"uael-grid-img-thumbnail uael-ins-target\"><img decoding=\"async\" src=\"https:\/\/www.cimex.cz\/wp-content\/uploads\/elementor\/thumbs\/vizualizace-03-450x450-1-q65nrln5hh93pi77t7ucxq8w7qwx3wra4nfzgcxn08.jpg\" title=\"vizualizace-03-450&#215;450\" alt=\"vizualizace-03-450x450\" \/><\/div><div class=\"uael-grid-img-overlay\"><\/div><\/a><\/div><\/div><div class=\"uael-grid-item  uael-img-gallery-item-4\"><div class=\"uael-grid-item-content\"><a class=\"uael-grid-img uael-grid-gallery-img uael-ins-hover elementor-clickable\" data-fancybox=\"uael-gallery\" href=\"https:\/\/www.cimex.cz\/wp-content\/uploads\/2021\/11\/vizualizace-04-450x450-1.jpg\" data-elementor-open-lightbox=\"no\"><div class=\"uael-grid-img-thumbnail uael-ins-target\"><img decoding=\"async\" src=\"https:\/\/www.cimex.cz\/wp-content\/uploads\/elementor\/thumbs\/vizualizace-04-450x450-1-q65nrnitv5bocq4hi8nm2prteinnjayqswqyewuuns.jpg\" title=\"vizualizace-04-450&#215;450\" alt=\"vizualizace-04-450x450\" \/><\/div><div class=\"uael-grid-img-overlay\"><\/div><\/a><\/div><\/div><div class=\"uael-grid-item  uael-img-gallery-item-5\"><div class=\"uael-grid-item-content\"><a class=\"uael-grid-img uael-grid-gallery-img uael-ins-hover elementor-clickable\" data-fancybox=\"uael-gallery\" href=\"https:\/\/www.cimex.cz\/wp-content\/uploads\/2021\/11\/vyhled2-450x450-1.jpg\" data-elementor-open-lightbox=\"no\"><div class=\"uael-grid-img-thumbnail uael-ins-target\"><img decoding=\"async\" src=\"https:\/\/www.cimex.cz\/wp-content\/uploads\/elementor\/thumbs\/vyhled2-450x450-1-q65nrpei8te8zy1r79gv7paqlaedyp67h61xdgs2bc.jpg\" title=\"vyhled2-450&#215;450\" alt=\"vyhled2-450x450\" \/><\/div><div class=\"uael-grid-img-overlay\"><\/div><\/a><\/div><\/div><\/div><\/div>\t\t<\/div>\n\t\t\t\t<\/div>\n\t\t\t\t\t<\/div>\n\t\t<\/div>\n\t\t\t\t\t\t\t<\/div>\n\t\t<\/section>\n\t\t\t\t\t\t\t<\/div>\n\t\t","protected":false},"excerpt":{"rendered":"<p>Hradebn\u00ed-Ha\u0161talsk\u00e1 Re-development of two interconnected buildings, numbering more than 5000 m2 for further development. Seven floors above ground and two basements with 95 rooms and 23 parking spaces.<\/p>\n","protected":false},"author":1,"featured_media":0,"parent":0,"menu_order":0,"comment_status":"closed","ping_status":"closed","template":"","meta":{"site-sidebar-layout":"no-sidebar","site-content-layout":"page-builder","ast-main-header-display":"","ast-hfb-above-header-display":"","ast-hfb-below-header-display":"","ast-hfb-mobile-header-display":"","site-post-title":"disabled","ast-breadcrumbs-content":"","ast-featured-img":"disabled","footer-sml-layout":"","theme-transparent-header-meta":"default","adv-header-id-meta":"","stick-header-meta":"default","header-above-stick-meta":"","header-main-stick-meta":"","header-below-stick-meta":"","footnotes":""},"class_list":["post-4653","page","type-page","status-publish","hentry"],"yoast_head":"<!-- This site is optimized with the Yoast SEO plugin v19.13 - https:\/\/yoast.com\/wordpress\/plugins\/seo\/ -->\n<title>Hradebn\u00ed - Ha\u0161talsk\u00e1 - Cimex<\/title>\n<meta name=\"robots\" content=\"index, follow, max-snippet:-1, max-image-preview:large, max-video-preview:-1\" \/>\n<link rel=\"canonical\" href=\"https:\/\/www.cimex.cz\/en\/hradebni-hastalska\/\" \/>\n<meta property=\"og:locale\" content=\"en_US\" \/>\n<meta property=\"og:type\" content=\"article\" \/>\n<meta property=\"og:title\" content=\"Hradebn\u00ed - Ha\u0161talsk\u00e1 - Cimex\" \/>\n<meta property=\"og:description\" content=\"Hradebn\u00ed-Ha\u0161talsk\u00e1 Re-development of two interconnected buildings, numbering more than 5000 m2 for further development. Seven floors above ground and two basements with 95 rooms and 23 parking spaces.\" \/>\n<meta property=\"og:url\" content=\"https:\/\/www.cimex.cz\/en\/hradebni-hastalska\/\" \/>\n<meta property=\"og:site_name\" content=\"Cimex\" \/>\n<meta property=\"article:modified_time\" content=\"2024-01-31T15:15:32+00:00\" \/>\n<meta property=\"og:image\" content=\"https:\/\/www.cimex.cz\/wp-content\/uploads\/elementor\/thumbs\/vizualizace-01-1-450x450-1-q65nrhvsq53yf2cof67unr71u7fg94ccs4u1j937p4.jpg\" \/>\n<meta name=\"twitter:card\" content=\"summary_large_image\" \/>\n<meta name=\"twitter:label1\" content=\"Est. reading time\" \/>\n\t<meta name=\"twitter:data1\" content=\"2 minutes\" \/>\n<script type=\"application\/ld+json\" class=\"yoast-schema-graph\">{\"@context\":\"https:\/\/schema.org\",\"@graph\":[{\"@type\":\"WebPage\",\"@id\":\"https:\/\/www.cimex.cz\/en\/hradebni-hastalska\/\",\"url\":\"https:\/\/www.cimex.cz\/en\/hradebni-hastalska\/\",\"name\":\"Hradebn\u00ed - Ha\u0161talsk\u00e1 - Cimex\",\"isPartOf\":{\"@id\":\"https:\/\/www.cimex.cz\/#website\"},\"datePublished\":\"2021-11-04T12:45:44+00:00\",\"dateModified\":\"2024-01-31T15:15:32+00:00\",\"breadcrumb\":{\"@id\":\"https:\/\/www.cimex.cz\/en\/hradebni-hastalska\/#breadcrumb\"},\"inLanguage\":\"en-US\",\"potentialAction\":[{\"@type\":\"ReadAction\",\"target\":[\"https:\/\/www.cimex.cz\/en\/hradebni-hastalska\/\"]}]},{\"@type\":\"BreadcrumbList\",\"@id\":\"https:\/\/www.cimex.cz\/en\/hradebni-hastalska\/#breadcrumb\",\"itemListElement\":[{\"@type\":\"ListItem\",\"position\":1,\"name\":\"Home\",\"item\":\"https:\/\/www.cimex.cz\/en\/\"},{\"@type\":\"ListItem\",\"position\":2,\"name\":\"Hradebn\u00ed &#8211; Ha\u0161talsk\u00e1\"}]},{\"@type\":\"WebSite\",\"@id\":\"https:\/\/www.cimex.cz\/#website\",\"url\":\"https:\/\/www.cimex.cz\/\",\"name\":\"Cimex\",\"description\":\"\",\"publisher\":{\"@id\":\"https:\/\/www.cimex.cz\/#organization\"},\"potentialAction\":[{\"@type\":\"SearchAction\",\"target\":{\"@type\":\"EntryPoint\",\"urlTemplate\":\"https:\/\/www.cimex.cz\/?s={search_term_string}\"},\"query-input\":\"required name=search_term_string\"}],\"inLanguage\":\"en-US\"},{\"@type\":\"Organization\",\"@id\":\"https:\/\/www.cimex.cz\/#organization\",\"name\":\"Cimex\",\"url\":\"https:\/\/www.cimex.cz\/\",\"logo\":{\"@type\":\"ImageObject\",\"inLanguage\":\"en-US\",\"@id\":\"https:\/\/www.cimex.cz\/#\/schema\/logo\/image\/\",\"url\":\"https:\/\/www.cimex.cz\/wp-content\/uploads\/2021\/11\/Cimex_logo_final_bila.gif\",\"contentUrl\":\"https:\/\/www.cimex.cz\/wp-content\/uploads\/2021\/11\/Cimex_logo_final_bila.gif\",\"width\":848,\"height\":1072,\"caption\":\"Cimex\"},\"image\":{\"@id\":\"https:\/\/www.cimex.cz\/#\/schema\/logo\/image\/\"}}]}<\/script>\n<!-- \/ Yoast SEO plugin. -->","yoast_head_json":{"title":"Hradebn\u00ed - Ha\u0161talsk\u00e1 - Cimex","robots":{"index":"index","follow":"follow","max-snippet":"max-snippet:-1","max-image-preview":"max-image-preview:large","max-video-preview":"max-video-preview:-1"},"canonical":"https:\/\/www.cimex.cz\/en\/hradebni-hastalska\/","og_locale":"en_US","og_type":"article","og_title":"Hradebn\u00ed - Ha\u0161talsk\u00e1 - Cimex","og_description":"Hradebn\u00ed-Ha\u0161talsk\u00e1 Re-development of two interconnected buildings, numbering more than 5000 m2 for further development. Seven floors above ground and two basements with 95 rooms and 23 parking spaces.","og_url":"https:\/\/www.cimex.cz\/en\/hradebni-hastalska\/","og_site_name":"Cimex","article_modified_time":"2024-01-31T15:15:32+00:00","og_image":[{"url":"https:\/\/www.cimex.cz\/wp-content\/uploads\/elementor\/thumbs\/vizualizace-01-1-450x450-1-q65nrhvsq53yf2cof67unr71u7fg94ccs4u1j937p4.jpg"}],"twitter_card":"summary_large_image","twitter_misc":{"Est. reading time":"2 minutes"},"schema":{"@context":"https:\/\/schema.org","@graph":[{"@type":"WebPage","@id":"https:\/\/www.cimex.cz\/en\/hradebni-hastalska\/","url":"https:\/\/www.cimex.cz\/en\/hradebni-hastalska\/","name":"Hradebn\u00ed - Ha\u0161talsk\u00e1 - Cimex","isPartOf":{"@id":"https:\/\/www.cimex.cz\/#website"},"datePublished":"2021-11-04T12:45:44+00:00","dateModified":"2024-01-31T15:15:32+00:00","breadcrumb":{"@id":"https:\/\/www.cimex.cz\/en\/hradebni-hastalska\/#breadcrumb"},"inLanguage":"en-US","potentialAction":[{"@type":"ReadAction","target":["https:\/\/www.cimex.cz\/en\/hradebni-hastalska\/"]}]},{"@type":"BreadcrumbList","@id":"https:\/\/www.cimex.cz\/en\/hradebni-hastalska\/#breadcrumb","itemListElement":[{"@type":"ListItem","position":1,"name":"Home","item":"https:\/\/www.cimex.cz\/en\/"},{"@type":"ListItem","position":2,"name":"Hradebn\u00ed &#8211; Ha\u0161talsk\u00e1"}]},{"@type":"WebSite","@id":"https:\/\/www.cimex.cz\/#website","url":"https:\/\/www.cimex.cz\/","name":"Cimex","description":"","publisher":{"@id":"https:\/\/www.cimex.cz\/#organization"},"potentialAction":[{"@type":"SearchAction","target":{"@type":"EntryPoint","urlTemplate":"https:\/\/www.cimex.cz\/?s={search_term_string}"},"query-input":"required name=search_term_string"}],"inLanguage":"en-US"},{"@type":"Organization","@id":"https:\/\/www.cimex.cz\/#organization","name":"Cimex","url":"https:\/\/www.cimex.cz\/","logo":{"@type":"ImageObject","inLanguage":"en-US","@id":"https:\/\/www.cimex.cz\/#\/schema\/logo\/image\/","url":"https:\/\/www.cimex.cz\/wp-content\/uploads\/2021\/11\/Cimex_logo_final_bila.gif","contentUrl":"https:\/\/www.cimex.cz\/wp-content\/uploads\/2021\/11\/Cimex_logo_final_bila.gif","width":848,"height":1072,"caption":"Cimex"},"image":{"@id":"https:\/\/www.cimex.cz\/#\/schema\/logo\/image\/"}}]}},"_links":{"self":[{"href":"https:\/\/www.cimex.cz\/en\/wp-json\/wp\/v2\/pages\/4653","targetHints":{"allow":["GET"]}}],"collection":[{"href":"https:\/\/www.cimex.cz\/en\/wp-json\/wp\/v2\/pages"}],"about":[{"href":"https:\/\/www.cimex.cz\/en\/wp-json\/wp\/v2\/types\/page"}],"author":[{"embeddable":true,"href":"https:\/\/www.cimex.cz\/en\/wp-json\/wp\/v2\/users\/1"}],"replies":[{"embeddable":true,"href":"https:\/\/www.cimex.cz\/en\/wp-json\/wp\/v2\/comments?post=4653"}],"version-history":[{"count":16,"href":"https:\/\/www.cimex.cz\/en\/wp-json\/wp\/v2\/pages\/4653\/revisions"}],"predecessor-version":[{"id":6605,"href":"https:\/\/www.cimex.cz\/en\/wp-json\/wp\/v2\/pages\/4653\/revisions\/6605"}],"wp:attachment":[{"href":"https:\/\/www.cimex.cz\/en\/wp-json\/wp\/v2\/media?parent=4653"}],"curies":[{"name":"wp","href":"https:\/\/api.w.org\/{rel}","templated":true}]}}