{"id":4661,"date":"2021-11-25T15:43:23","date_gmt":"2021-11-25T14:43:23","guid":{"rendered":"https:\/\/www.cimex.cz\/marianne-boulevard\/"},"modified":"2022-04-26T00:19:43","modified_gmt":"2022-04-25T22:19:43","slug":"marianne-boulevard","status":"publish","type":"page","link":"https:\/\/www.cimex.cz\/en\/marianne-boulevard\/","title":{"rendered":"Marianne Boulevard"},"content":{"rendered":"\t\t<div data-elementor-type=\"wp-page\" data-elementor-id=\"4661\" class=\"elementor elementor-4661 elementor-3367\">\n\t\t\t\t\t\t\t\t\t<section class=\"elementor-section elementor-top-section elementor-element elementor-element-31c19e1 ng-intro elementor-section-boxed elementor-section-height-default elementor-section-height-default\" data-id=\"31c19e1\" data-element_type=\"section\" data-settings=\"{&quot;background_background&quot;:&quot;classic&quot;}\">\n\t\t\t\t\t\t<div class=\"elementor-container elementor-column-gap-wider\">\n\t\t\t\t\t<div class=\"elementor-column elementor-col-100 elementor-top-column elementor-element elementor-element-1623e04\" data-id=\"1623e04\" data-element_type=\"column\">\n\t\t\t<div class=\"elementor-widget-wrap elementor-element-populated\">\n\t\t\t\t\t\t\t\t<div class=\"elementor-element elementor-element-20473a9 elementor-widget elementor-widget-heading\" data-id=\"20473a9\" data-element_type=\"widget\" data-widget_type=\"heading.default\">\n\t\t\t\t<div class=\"elementor-widget-container\">\n\t\t\t<h2 class=\"elementor-heading-title elementor-size-default\">Marianne Boulevard<\/h2>\t\t<\/div>\n\t\t\t\t<\/div>\n\t\t\t\t<div class=\"elementor-element elementor-element-fa6442d elementor-widget elementor-widget-text-editor\" data-id=\"fa6442d\" data-element_type=\"widget\" data-widget_type=\"text-editor.default\">\n\t\t\t\t<div class=\"elementor-widget-container\">\n\t\t\t\t\t\t\t<p>A unique project connecting the Hlavn\u00ed t\u0159\u00edda and Rusk\u00e1 streets in the center of Mari\u00e1nsk\u00e9 L\u00e1zn\u011b. The connection will create a unique space to the adjacent center, which will provide facilities for shops and services. The project envisages the construction of a shopping center, cultural and social spaces, spas and wellness, as well as medical services.<br><br><\/p>\t\t\t\t\t\t<\/div>\n\t\t\t\t<\/div>\n\t\t\t\t<div class=\"elementor-element elementor-element-71cc04f uael-ins-normal uael-img-carousel-arrow-outside elementor-widget elementor-widget-uael-image-gallery\" data-id=\"71cc04f\" data-element_type=\"widget\" data-widget_type=\"uael-image-gallery.default\">\n\t\t\t\t<div class=\"elementor-widget-container\">\n\t\t\t<div class=\"uael-gallery-parent uael-caption- uael-gallery-unjustified\"><div data-image_carousel=\"{&quot;slidesToShow&quot;:5,&quot;slidesToScroll&quot;:1,&quot;autoplaySpeed&quot;:5000,&quot;autoplay&quot;:false,&quot;infinite&quot;:true,&quot;pauseOnHover&quot;:true,&quot;speed&quot;:500,&quot;arrows&quot;:true,&quot;dots&quot;:false,&quot;rtl&quot;:false,&quot;responsive&quot;:[{&quot;breakpoint&quot;:1024,&quot;settings&quot;:{&quot;slidesToShow&quot;:3,&quot;slidesToScroll&quot;:1}},{&quot;breakpoint&quot;:767,&quot;settings&quot;:{&quot;slidesToShow&quot;:2,&quot;slidesToScroll&quot;:1}}]}\" class=\"uael-img-gallery-wrap uael-img-carousel-wrap uael-nav-arrows uael-image-lightbox-wrap\" data-filter-default=\"All\" data-lightbox_actions=\"[&quot;close&quot;]\" data-lightbox-gallery-loop=\"\"><div class=\"uael-grid-item  uael-img-gallery-item-1\"><div class=\"uael-grid-item-content\"><a class=\"uael-grid-img uael-grid-gallery-img uael-ins-hover elementor-clickable\" data-fancybox=\"uael-gallery\" href=\"https:\/\/www.cimex.cz\/wp-content\/uploads\/2021\/11\/11-Marien-Boulevard-300x300-1.jpg\" data-elementor-open-lightbox=\"no\"><div class=\"uael-grid-img-thumbnail uael-ins-target\"><img decoding=\"async\" src=\"https:\/\/www.cimex.cz\/wp-content\/uploads\/elementor\/thumbs\/11-Marien-Boulevard-300x300-1-q65nmqt66alrq196649r1yd5q2unc7h7gm3o6w4v5k.jpg\" title=\"\" alt=\"MARIEN BOULEVARD\" \/><\/div><div class=\"uael-grid-img-overlay\"><\/div><\/a><\/div><\/div><div class=\"uael-grid-item  uael-img-gallery-item-2\"><div class=\"uael-grid-item-content\"><a class=\"uael-grid-img uael-grid-gallery-img uael-ins-hover elementor-clickable\" data-fancybox=\"uael-gallery\" href=\"https:\/\/www.cimex.cz\/wp-content\/uploads\/2021\/11\/Inspire16-scaled.jpg\" data-elementor-open-lightbox=\"no\"><div class=\"uael-grid-img-thumbnail uael-ins-target\"><img decoding=\"async\" src=\"https:\/\/www.cimex.cz\/wp-content\/uploads\/elementor\/thumbs\/Inspire16-scaled-q65npct15q6fz1gmx8wfzan94lzcpxud5jc86k9hvc.jpg\" title=\"Inspire16\" alt=\"Inspire16\" \/><\/div><div class=\"uael-grid-img-overlay\"><\/div><\/a><\/div><\/div><div class=\"uael-grid-item  uael-img-gallery-item-3\"><div class=\"uael-grid-item-content\"><a class=\"uael-grid-img uael-grid-gallery-img uael-ins-hover elementor-clickable\" data-fancybox=\"uael-gallery\" href=\"https:\/\/www.cimex.cz\/wp-content\/uploads\/2021\/11\/DJI_0030-Panorama-scaled.jpg\" data-elementor-open-lightbox=\"no\"><div class=\"uael-grid-img-thumbnail uael-ins-target\"><img decoding=\"async\" src=\"https:\/\/www.cimex.cz\/wp-content\/uploads\/elementor\/thumbs\/DJI_0030-Panorama-scaled-q65nou09d1gpiu7xz0rwlfe18wk0fzrqeyail11dbs.jpg\" title=\"DJI_0030 Panorama\" alt=\"DJI_0030 Panorama\" \/><\/div><div class=\"uael-grid-img-overlay\"><\/div><\/a><\/div><\/div><div class=\"uael-grid-item  uael-img-gallery-item-4\"><div class=\"uael-grid-item-content\"><a class=\"uael-grid-img uael-grid-gallery-img uael-ins-hover elementor-clickable\" data-fancybox=\"uael-gallery\" href=\"https:\/\/www.cimex.cz\/wp-content\/uploads\/2021\/11\/marianske_lazne_novy_design.jpg\" data-elementor-open-lightbox=\"no\"><div class=\"uael-grid-img-thumbnail uael-ins-target\"><img decoding=\"async\" src=\"https:\/\/www.cimex.cz\/wp-content\/uploads\/elementor\/thumbs\/marianske_lazne_novy_design-q65nqnsynfys3jkdat7sfysatvjpet0xzzyi6ebt88.jpg\" title=\"marianske_lazne_novy_design\" alt=\"marianske_lazne_novy_design\" \/><\/div><div class=\"uael-grid-img-overlay\"><\/div><\/a><\/div><\/div><\/div><\/div>\t\t<\/div>\n\t\t\t\t<\/div>\n\t\t\t\t\t<\/div>\n\t\t<\/div>\n\t\t\t\t\t\t\t<\/div>\n\t\t<\/section>\n\t\t\t\t\t\t\t<\/div>\n\t\t","protected":false},"excerpt":{"rendered":"<p>Marianne Boulevard A unique project connecting the Hlavn\u00ed t\u0159\u00edda and Rusk\u00e1 streets in the center of Mari\u00e1nsk\u00e9 L\u00e1zn\u011b. The connection will create a unique space to the adjacent center, which will provide facilities for shops and services. The project envisages the construction of a shopping center, cultural and social spaces, spas and wellness, as well &hellip;<\/p>\n<p class=\"read-more\"> <a class=\"\" href=\"https:\/\/www.cimex.cz\/en\/marianne-boulevard\/\"> <span class=\"screen-reader-text\">Marianne Boulevard<\/span> Read More &raquo;<\/a><\/p>\n","protected":false},"author":2,"featured_media":0,"parent":0,"menu_order":0,"comment_status":"closed","ping_status":"closed","template":"","meta":{"site-sidebar-layout":"no-sidebar","site-content-layout":"page-builder","ast-main-header-display":"","ast-hfb-above-header-display":"","ast-hfb-below-header-display":"","ast-hfb-mobile-header-display":"","site-post-title":"disabled","ast-breadcrumbs-content":"","ast-featured-img":"disabled","footer-sml-layout":"","theme-transparent-header-meta":"default","adv-header-id-meta":"","stick-header-meta":"default","header-above-stick-meta":"","header-main-stick-meta":"","header-below-stick-meta":"","footnotes":""},"class_list":["post-4661","page","type-page","status-publish","hentry"],"yoast_head":"<!-- This site is optimized with the Yoast SEO plugin v19.13 - https:\/\/yoast.com\/wordpress\/plugins\/seo\/ -->\n<title>Marianne Boulevard - Cimex<\/title>\n<meta name=\"robots\" content=\"index, follow, max-snippet:-1, max-image-preview:large, max-video-preview:-1\" \/>\n<link rel=\"canonical\" href=\"https:\/\/www.cimex.cz\/en\/marianne-boulevard\/\" \/>\n<meta property=\"og:locale\" content=\"en_US\" \/>\n<meta property=\"og:type\" content=\"article\" \/>\n<meta property=\"og:title\" content=\"Marianne Boulevard - Cimex\" \/>\n<meta property=\"og:description\" content=\"Marianne Boulevard A unique project connecting the Hlavn\u00ed t\u0159\u00edda and Rusk\u00e1 streets in the center of Mari\u00e1nsk\u00e9 L\u00e1zn\u011b. The connection will create a unique space to the adjacent center, which will provide facilities for shops and services. The project envisages the construction of a shopping center, cultural and social spaces, spas and wellness, as well &hellip; Marianne Boulevard Read More &raquo;\" \/>\n<meta property=\"og:url\" content=\"https:\/\/www.cimex.cz\/en\/marianne-boulevard\/\" \/>\n<meta property=\"og:site_name\" content=\"Cimex\" \/>\n<meta property=\"article:modified_time\" content=\"2022-04-25T22:19:43+00:00\" \/>\n<meta property=\"og:image\" content=\"https:\/\/www.cimex.cz\/wp-content\/uploads\/elementor\/thumbs\/11-Marien-Boulevard-300x300-1-pfiq0i90ogvy7tzg7dyw3ppdfiljw60pzg4fkztdx4.jpg\" \/>\n<meta name=\"twitter:card\" content=\"summary_large_image\" \/>\n<script type=\"application\/ld+json\" class=\"yoast-schema-graph\">{\"@context\":\"https:\/\/schema.org\",\"@graph\":[{\"@type\":\"WebPage\",\"@id\":\"https:\/\/www.cimex.cz\/en\/marianne-boulevard\/\",\"url\":\"https:\/\/www.cimex.cz\/en\/marianne-boulevard\/\",\"name\":\"Marianne Boulevard - Cimex\",\"isPartOf\":{\"@id\":\"https:\/\/www.cimex.cz\/#website\"},\"datePublished\":\"2021-11-25T14:43:23+00:00\",\"dateModified\":\"2022-04-25T22:19:43+00:00\",\"breadcrumb\":{\"@id\":\"https:\/\/www.cimex.cz\/en\/marianne-boulevard\/#breadcrumb\"},\"inLanguage\":\"en-US\",\"potentialAction\":[{\"@type\":\"ReadAction\",\"target\":[\"https:\/\/www.cimex.cz\/en\/marianne-boulevard\/\"]}]},{\"@type\":\"BreadcrumbList\",\"@id\":\"https:\/\/www.cimex.cz\/en\/marianne-boulevard\/#breadcrumb\",\"itemListElement\":[{\"@type\":\"ListItem\",\"position\":1,\"name\":\"Home\",\"item\":\"https:\/\/www.cimex.cz\/en\/\"},{\"@type\":\"ListItem\",\"position\":2,\"name\":\"Marianne Boulevard\"}]},{\"@type\":\"WebSite\",\"@id\":\"https:\/\/www.cimex.cz\/#website\",\"url\":\"https:\/\/www.cimex.cz\/\",\"name\":\"Cimex\",\"description\":\"\",\"publisher\":{\"@id\":\"https:\/\/www.cimex.cz\/#organization\"},\"potentialAction\":[{\"@type\":\"SearchAction\",\"target\":{\"@type\":\"EntryPoint\",\"urlTemplate\":\"https:\/\/www.cimex.cz\/?s={search_term_string}\"},\"query-input\":\"required name=search_term_string\"}],\"inLanguage\":\"en-US\"},{\"@type\":\"Organization\",\"@id\":\"https:\/\/www.cimex.cz\/#organization\",\"name\":\"Cimex\",\"url\":\"https:\/\/www.cimex.cz\/\",\"logo\":{\"@type\":\"ImageObject\",\"inLanguage\":\"en-US\",\"@id\":\"https:\/\/www.cimex.cz\/#\/schema\/logo\/image\/\",\"url\":\"https:\/\/www.cimex.cz\/wp-content\/uploads\/2021\/11\/Cimex_logo_final_bila.gif\",\"contentUrl\":\"https:\/\/www.cimex.cz\/wp-content\/uploads\/2021\/11\/Cimex_logo_final_bila.gif\",\"width\":848,\"height\":1072,\"caption\":\"Cimex\"},\"image\":{\"@id\":\"https:\/\/www.cimex.cz\/#\/schema\/logo\/image\/\"}}]}<\/script>\n<!-- \/ Yoast SEO plugin. -->","yoast_head_json":{"title":"Marianne Boulevard - Cimex","robots":{"index":"index","follow":"follow","max-snippet":"max-snippet:-1","max-image-preview":"max-image-preview:large","max-video-preview":"max-video-preview:-1"},"canonical":"https:\/\/www.cimex.cz\/en\/marianne-boulevard\/","og_locale":"en_US","og_type":"article","og_title":"Marianne Boulevard - Cimex","og_description":"Marianne Boulevard A unique project connecting the Hlavn\u00ed t\u0159\u00edda and Rusk\u00e1 streets in the center of Mari\u00e1nsk\u00e9 L\u00e1zn\u011b. The connection will create a unique space to the adjacent center, which will provide facilities for shops and services. The project envisages the construction of a shopping center, cultural and social spaces, spas and wellness, as well &hellip; Marianne Boulevard Read More &raquo;","og_url":"https:\/\/www.cimex.cz\/en\/marianne-boulevard\/","og_site_name":"Cimex","article_modified_time":"2022-04-25T22:19:43+00:00","og_image":[{"url":"https:\/\/www.cimex.cz\/wp-content\/uploads\/elementor\/thumbs\/11-Marien-Boulevard-300x300-1-pfiq0i90ogvy7tzg7dyw3ppdfiljw60pzg4fkztdx4.jpg"}],"twitter_card":"summary_large_image","schema":{"@context":"https:\/\/schema.org","@graph":[{"@type":"WebPage","@id":"https:\/\/www.cimex.cz\/en\/marianne-boulevard\/","url":"https:\/\/www.cimex.cz\/en\/marianne-boulevard\/","name":"Marianne Boulevard - Cimex","isPartOf":{"@id":"https:\/\/www.cimex.cz\/#website"},"datePublished":"2021-11-25T14:43:23+00:00","dateModified":"2022-04-25T22:19:43+00:00","breadcrumb":{"@id":"https:\/\/www.cimex.cz\/en\/marianne-boulevard\/#breadcrumb"},"inLanguage":"en-US","potentialAction":[{"@type":"ReadAction","target":["https:\/\/www.cimex.cz\/en\/marianne-boulevard\/"]}]},{"@type":"BreadcrumbList","@id":"https:\/\/www.cimex.cz\/en\/marianne-boulevard\/#breadcrumb","itemListElement":[{"@type":"ListItem","position":1,"name":"Home","item":"https:\/\/www.cimex.cz\/en\/"},{"@type":"ListItem","position":2,"name":"Marianne Boulevard"}]},{"@type":"WebSite","@id":"https:\/\/www.cimex.cz\/#website","url":"https:\/\/www.cimex.cz\/","name":"Cimex","description":"","publisher":{"@id":"https:\/\/www.cimex.cz\/#organization"},"potentialAction":[{"@type":"SearchAction","target":{"@type":"EntryPoint","urlTemplate":"https:\/\/www.cimex.cz\/?s={search_term_string}"},"query-input":"required name=search_term_string"}],"inLanguage":"en-US"},{"@type":"Organization","@id":"https:\/\/www.cimex.cz\/#organization","name":"Cimex","url":"https:\/\/www.cimex.cz\/","logo":{"@type":"ImageObject","inLanguage":"en-US","@id":"https:\/\/www.cimex.cz\/#\/schema\/logo\/image\/","url":"https:\/\/www.cimex.cz\/wp-content\/uploads\/2021\/11\/Cimex_logo_final_bila.gif","contentUrl":"https:\/\/www.cimex.cz\/wp-content\/uploads\/2021\/11\/Cimex_logo_final_bila.gif","width":848,"height":1072,"caption":"Cimex"},"image":{"@id":"https:\/\/www.cimex.cz\/#\/schema\/logo\/image\/"}}]}},"_links":{"self":[{"href":"https:\/\/www.cimex.cz\/en\/wp-json\/wp\/v2\/pages\/4661","targetHints":{"allow":["GET"]}}],"collection":[{"href":"https:\/\/www.cimex.cz\/en\/wp-json\/wp\/v2\/pages"}],"about":[{"href":"https:\/\/www.cimex.cz\/en\/wp-json\/wp\/v2\/types\/page"}],"author":[{"embeddable":true,"href":"https:\/\/www.cimex.cz\/en\/wp-json\/wp\/v2\/users\/2"}],"replies":[{"embeddable":true,"href":"https:\/\/www.cimex.cz\/en\/wp-json\/wp\/v2\/comments?post=4661"}],"version-history":[{"count":1,"href":"https:\/\/www.cimex.cz\/en\/wp-json\/wp\/v2\/pages\/4661\/revisions"}],"predecessor-version":[{"id":4662,"href":"https:\/\/www.cimex.cz\/en\/wp-json\/wp\/v2\/pages\/4661\/revisions\/4662"}],"wp:attachment":[{"href":"https:\/\/www.cimex.cz\/en\/wp-json\/wp\/v2\/media?parent=4661"}],"curies":[{"name":"wp","href":"https:\/\/api.w.org\/{rel}","templated":true}]}}