{"id":4670,"date":"2021-11-04T14:13:03","date_gmt":"2021-11-04T13:13:03","guid":{"rendered":"https:\/\/www.cimex.cz\/blazimska-project\/"},"modified":"2024-10-11T16:03:12","modified_gmt":"2024-10-11T14:03:12","slug":"project-blazimska","status":"publish","type":"page","link":"https:\/\/www.cimex.cz\/en\/project-blazimska\/","title":{"rendered":"Project Chodovec"},"content":{"rendered":"\t\t<div data-elementor-type=\"wp-page\" data-elementor-id=\"4670\" class=\"elementor elementor-4670 elementor-2174\">\n\t\t\t\t\t\t\t\t\t<section class=\"elementor-section elementor-top-section elementor-element elementor-element-5412a89 elementor-section-boxed elementor-section-height-default elementor-section-height-default\" data-id=\"5412a89\" data-element_type=\"section\">\n\t\t\t\t\t\t<div class=\"elementor-container elementor-column-gap-default\">\n\t\t\t\t\t<div class=\"elementor-column elementor-col-100 elementor-top-column elementor-element elementor-element-46601de\" data-id=\"46601de\" data-element_type=\"column\">\n\t\t\t<div class=\"elementor-widget-wrap elementor-element-populated\">\n\t\t\t\t\t\t\t\t<div class=\"elementor-element elementor-element-573f5e8 elementor-widget elementor-widget-heading\" data-id=\"573f5e8\" data-element_type=\"widget\" data-widget_type=\"heading.default\">\n\t\t\t\t<div class=\"elementor-widget-container\">\n\t\t\t<h2 class=\"elementor-heading-title elementor-size-default\">CHODOVEC RESIDENCE<\/h2>\t\t<\/div>\n\t\t\t\t<\/div>\n\t\t\t\t<div class=\"elementor-element elementor-element-2528ea6 elementor-widget elementor-widget-text-editor\" data-id=\"2528ea6\" data-element_type=\"widget\" data-widget_type=\"text-editor.default\">\n\t\t\t\t<div class=\"elementor-widget-container\">\n\t\t\t\t\t\t\t<p>The Chodovec Residence is located on the border of Z\u00e1b\u011bhlice and Chodovec, in the Prague district of Chodov, and is loosely connected to the already unbuildable Trojmez\u00ed area. Just a few minutes walk and you are in a natural park. The <a href=\"https:\/\/rezidencechodovec.cz\/\" target=\"_blank\" rel=\"noopener\">Chodovec Residence<\/a> project has a lot to offer! Both family and apartment buildings will be built within the construction. You can choose from a layout of 1+kk to 4+kk in the case of apartment units and 5+kk for family houses.<\/p>\t\t\t\t\t\t<\/div>\n\t\t\t\t<\/div>\n\t\t\t\t<div class=\"elementor-element elementor-element-8fa9ebf uael-ins-normal uael-img-carousel-arrow-outside elementor-widget elementor-widget-uael-image-gallery\" data-id=\"8fa9ebf\" data-element_type=\"widget\" data-widget_type=\"uael-image-gallery.default\">\n\t\t\t\t<div class=\"elementor-widget-container\">\n\t\t\t<div class=\"uael-gallery-parent uael-caption- uael-gallery-unjustified\"><div data-image_carousel=\"{&quot;slidesToShow&quot;:5,&quot;slidesToScroll&quot;:1,&quot;autoplaySpeed&quot;:5000,&quot;autoplay&quot;:false,&quot;infinite&quot;:true,&quot;pauseOnHover&quot;:true,&quot;speed&quot;:500,&quot;arrows&quot;:true,&quot;dots&quot;:false,&quot;rtl&quot;:false,&quot;responsive&quot;:[{&quot;breakpoint&quot;:1024,&quot;settings&quot;:{&quot;slidesToShow&quot;:3,&quot;slidesToScroll&quot;:1}},{&quot;breakpoint&quot;:767,&quot;settings&quot;:{&quot;slidesToShow&quot;:2,&quot;slidesToScroll&quot;:1}}]}\" class=\"uael-img-gallery-wrap uael-img-carousel-wrap uael-nav-arrows uael-image-lightbox-wrap\" data-filter-default=\"All\" data-lightbox_actions=\"[&quot;close&quot;]\" data-lightbox-gallery-loop=\"\"><div class=\"uael-grid-item  uael-img-gallery-item-1\"><div class=\"uael-grid-item-content\"><a class=\"uael-grid-img uael-grid-gallery-img uael-ins-hover elementor-clickable\" data-fancybox=\"uael-gallery\" href=\"https:\/\/www.cimex.cz\/wp-content\/uploads\/2024\/01\/msinvest-chodovec-ext-02-bd-vchod.webp\" data-elementor-open-lightbox=\"no\"><div class=\"uael-grid-img-thumbnail uael-ins-target\"><img decoding=\"async\" src=\"https:\/\/www.cimex.cz\/wp-content\/uploads\/elementor\/thumbs\/msinvest-chodovec-ext-02-bd-vchod-qj4k40y3fo48he2lbpejt8svvlxt1wi21oobv2i37c.webp\" title=\"msinvest-chodovec-ext-02-bd-vchod\" alt=\"msinvest-chodovec-ext-02-bd-vchod\" \/><\/div><div class=\"uael-grid-img-overlay\"><\/div><\/a><\/div><\/div><div class=\"uael-grid-item  uael-img-gallery-item-2\"><div class=\"uael-grid-item-content\"><a class=\"uael-grid-img uael-grid-gallery-img uael-ins-hover elementor-clickable\" data-fancybox=\"uael-gallery\" href=\"https:\/\/www.cimex.cz\/wp-content\/uploads\/2024\/01\/msinvest-chodovec-ext-04-bd-cyklostezka.webp\" data-elementor-open-lightbox=\"no\"><div class=\"uael-grid-img-thumbnail uael-ins-target\"><img decoding=\"async\" src=\"https:\/\/www.cimex.cz\/wp-content\/uploads\/elementor\/thumbs\/msinvest-chodovec-ext-04-bd-cyklostezka-qj4k43rm0683g7yhv8mfiq39nrjwozt922msawdwoo.webp\" title=\"msinvest-chodovec-ext-04-bd-cyklostezka\" alt=\"msinvest-chodovec-ext-04-bd-cyklostezka\" \/><\/div><div class=\"uael-grid-img-overlay\"><\/div><\/a><\/div><\/div><div class=\"uael-grid-item  uael-img-gallery-item-3\"><div class=\"uael-grid-item-content\"><a class=\"uael-grid-img uael-grid-gallery-img uael-ins-hover elementor-clickable\" data-fancybox=\"uael-gallery\" href=\"https:\/\/www.cimex.cz\/wp-content\/uploads\/2024\/01\/msinvest-chodovec-ext-06-rd-ulice.webp\" data-elementor-open-lightbox=\"no\"><div class=\"uael-grid-img-thumbnail uael-ins-target\"><img decoding=\"async\" src=\"https:\/\/www.cimex.cz\/wp-content\/uploads\/elementor\/thumbs\/msinvest-chodovec-ext-06-rd-ulice-qj4k44pg709drtx4pr1237uq95f9wowze7a9s6ciig.webp\" title=\"msinvest-chodovec-ext-06-rd-ulice\" alt=\"msinvest-chodovec-ext-06-rd-ulice\" \/><\/div><div class=\"uael-grid-img-overlay\"><\/div><\/a><\/div><\/div><div class=\"uael-grid-item  uael-img-gallery-item-4\"><div class=\"uael-grid-item-content\"><a class=\"uael-grid-img uael-grid-gallery-img uael-ins-hover elementor-clickable\" data-fancybox=\"uael-gallery\" href=\"https:\/\/www.cimex.cz\/wp-content\/uploads\/2024\/01\/msinvest-chodovec-ext-14-rd-zahrada.webp\" data-elementor-open-lightbox=\"no\"><div class=\"uael-grid-img-thumbnail uael-ins-target\"><img decoding=\"async\" src=\"https:\/\/www.cimex.cz\/wp-content\/uploads\/elementor\/thumbs\/msinvest-chodovec-ext-14-rd-zahrada-qj4k46l4kobyf1ueerub87dnfx60c34g2gl8qq9q60.webp\" title=\"msinvest-chodovec-ext-14-rd-zahrada\" alt=\"msinvest-chodovec-ext-14-rd-zahrada\" \/><\/div><div class=\"uael-grid-img-overlay\"><\/div><\/a><\/div><\/div><div class=\"uael-grid-item  uael-img-gallery-item-5\"><div class=\"uael-grid-item-content\"><a class=\"uael-grid-img uael-grid-gallery-img uael-ins-hover elementor-clickable\" data-fancybox=\"uael-gallery\" href=\"https:\/\/www.cimex.cz\/wp-content\/uploads\/2024\/01\/msinvest-chodovec-ext-20-letecka.webp\" data-elementor-open-lightbox=\"no\"><div class=\"uael-grid-img-thumbnail uael-ins-target\"><img decoding=\"async\" src=\"https:\/\/www.cimex.cz\/wp-content\/uploads\/elementor\/thumbs\/msinvest-chodovec-ext-20-letecka-qj4k48gsycej29ro3snkd6wkmowqrhbwqpw7pa6xtk.webp\" title=\"msinvest-chodovec-ext-20-letecka\" alt=\"msinvest-chodovec-ext-20-letecka\" \/><\/div><div class=\"uael-grid-img-overlay\"><\/div><\/a><\/div><\/div><\/div><\/div>\t\t<\/div>\n\t\t\t\t<\/div>\n\t\t\t\t<div class=\"elementor-element elementor-element-a5c3921 uael-ins-normal uael-img-carousel-arrow-outside elementor-widget elementor-widget-uael-image-gallery\" data-id=\"a5c3921\" data-element_type=\"widget\" data-widget_type=\"uael-image-gallery.default\">\n\t\t\t\t<div class=\"elementor-widget-container\">\n\t\t\t<div class=\"uael-gallery-parent uael-caption- uael-gallery-unjustified\"><div data-image_carousel=\"{&quot;slidesToShow&quot;:5,&quot;slidesToScroll&quot;:1,&quot;autoplaySpeed&quot;:5000,&quot;autoplay&quot;:false,&quot;infinite&quot;:true,&quot;pauseOnHover&quot;:true,&quot;speed&quot;:500,&quot;arrows&quot;:true,&quot;dots&quot;:false,&quot;rtl&quot;:false,&quot;responsive&quot;:[{&quot;breakpoint&quot;:1024,&quot;settings&quot;:{&quot;slidesToShow&quot;:3,&quot;slidesToScroll&quot;:1}},{&quot;breakpoint&quot;:767,&quot;settings&quot;:{&quot;slidesToShow&quot;:2,&quot;slidesToScroll&quot;:1}}]}\" class=\"uael-img-gallery-wrap uael-img-carousel-wrap uael-nav-arrows uael-image-lightbox-wrap\" data-filter-default=\"All\" data-lightbox_actions=\"[&quot;close&quot;]\" data-lightbox-gallery-loop=\"\"><\/div><\/div>\t\t<\/div>\n\t\t\t\t<\/div>\n\t\t\t\t\t<\/div>\n\t\t<\/div>\n\t\t\t\t\t\t\t<\/div>\n\t\t<\/section>\n\t\t\t\t\t\t\t<\/div>\n\t\t","protected":false},"excerpt":{"rendered":"<p>CHODOVEC RESIDENCE The Chodovec Residence is located on the border of Z\u00e1b\u011bhlice and Chodovec, in the Prague district of Chodov, and is loosely connected to the already unbuildable Trojmez\u00ed area. Just a few minutes walk and you are in a natural park. The Chodovec Residence project has a lot to offer! Both family and apartment &hellip;<\/p>\n<p class=\"read-more\"> <a class=\"\" href=\"https:\/\/www.cimex.cz\/en\/project-blazimska\/\"> <span class=\"screen-reader-text\">Project Chodovec<\/span> Read More &raquo;<\/a><\/p>\n","protected":false},"author":1,"featured_media":0,"parent":0,"menu_order":0,"comment_status":"closed","ping_status":"closed","template":"","meta":{"site-sidebar-layout":"no-sidebar","site-content-layout":"page-builder","ast-main-header-display":"","ast-hfb-above-header-display":"","ast-hfb-below-header-display":"","ast-hfb-mobile-header-display":"","site-post-title":"disabled","ast-breadcrumbs-content":"","ast-featured-img":"disabled","footer-sml-layout":"","theme-transparent-header-meta":"default","adv-header-id-meta":"","stick-header-meta":"default","header-above-stick-meta":"","header-main-stick-meta":"","header-below-stick-meta":"","footnotes":""},"class_list":["post-4670","page","type-page","status-publish","hentry"],"yoast_head":"<!-- This site is optimized with the Yoast SEO plugin v19.13 - https:\/\/yoast.com\/wordpress\/plugins\/seo\/ -->\n<title>Project Chodovec - Cimex<\/title>\n<meta name=\"robots\" content=\"index, follow, max-snippet:-1, max-image-preview:large, max-video-preview:-1\" \/>\n<link rel=\"canonical\" href=\"https:\/\/www.cimex.cz\/en\/project-blazimska\/\" \/>\n<meta property=\"og:locale\" content=\"en_US\" \/>\n<meta property=\"og:type\" content=\"article\" \/>\n<meta property=\"og:title\" content=\"Project Chodovec - Cimex\" \/>\n<meta property=\"og:description\" content=\"CHODOVEC RESIDENCE The Chodovec Residence is located on the border of Z\u00e1b\u011bhlice and Chodovec, in the Prague district of Chodov, and is loosely connected to the already unbuildable Trojmez\u00ed area. Just a few minutes walk and you are in a natural park. The Chodovec Residence project has a lot to offer! Both family and apartment &hellip; Project Chodovec Read More &raquo;\" \/>\n<meta property=\"og:url\" content=\"https:\/\/www.cimex.cz\/en\/project-blazimska\/\" \/>\n<meta property=\"og:site_name\" content=\"Cimex\" \/>\n<meta property=\"article:modified_time\" content=\"2024-10-11T14:03:12+00:00\" \/>\n<meta property=\"og:image\" content=\"https:\/\/www.cimex.cz\/wp-content\/uploads\/elementor\/thumbs\/msinvest-chodovec-ext-02-bd-vchod-qj4k40y3fo48he2lbpejt8svvlxt1wi21oobv2i37c.webp\" \/>\n<meta name=\"twitter:card\" content=\"summary_large_image\" \/>\n<meta name=\"twitter:label1\" content=\"Est. reading time\" \/>\n\t<meta name=\"twitter:data1\" content=\"2 minutes\" \/>\n<script type=\"application\/ld+json\" class=\"yoast-schema-graph\">{\"@context\":\"https:\/\/schema.org\",\"@graph\":[{\"@type\":\"WebPage\",\"@id\":\"https:\/\/www.cimex.cz\/en\/project-blazimska\/\",\"url\":\"https:\/\/www.cimex.cz\/en\/project-blazimska\/\",\"name\":\"Project Chodovec - Cimex\",\"isPartOf\":{\"@id\":\"https:\/\/www.cimex.cz\/#website\"},\"datePublished\":\"2021-11-04T13:13:03+00:00\",\"dateModified\":\"2024-10-11T14:03:12+00:00\",\"breadcrumb\":{\"@id\":\"https:\/\/www.cimex.cz\/en\/project-blazimska\/#breadcrumb\"},\"inLanguage\":\"en-US\",\"potentialAction\":[{\"@type\":\"ReadAction\",\"target\":[\"https:\/\/www.cimex.cz\/en\/project-blazimska\/\"]}]},{\"@type\":\"BreadcrumbList\",\"@id\":\"https:\/\/www.cimex.cz\/en\/project-blazimska\/#breadcrumb\",\"itemListElement\":[{\"@type\":\"ListItem\",\"position\":1,\"name\":\"Home\",\"item\":\"https:\/\/www.cimex.cz\/en\/\"},{\"@type\":\"ListItem\",\"position\":2,\"name\":\"Project Chodovec\"}]},{\"@type\":\"WebSite\",\"@id\":\"https:\/\/www.cimex.cz\/#website\",\"url\":\"https:\/\/www.cimex.cz\/\",\"name\":\"Cimex\",\"description\":\"\",\"publisher\":{\"@id\":\"https:\/\/www.cimex.cz\/#organization\"},\"potentialAction\":[{\"@type\":\"SearchAction\",\"target\":{\"@type\":\"EntryPoint\",\"urlTemplate\":\"https:\/\/www.cimex.cz\/?s={search_term_string}\"},\"query-input\":\"required name=search_term_string\"}],\"inLanguage\":\"en-US\"},{\"@type\":\"Organization\",\"@id\":\"https:\/\/www.cimex.cz\/#organization\",\"name\":\"Cimex\",\"url\":\"https:\/\/www.cimex.cz\/\",\"logo\":{\"@type\":\"ImageObject\",\"inLanguage\":\"en-US\",\"@id\":\"https:\/\/www.cimex.cz\/#\/schema\/logo\/image\/\",\"url\":\"https:\/\/www.cimex.cz\/wp-content\/uploads\/2021\/11\/Cimex_logo_final_bila.gif\",\"contentUrl\":\"https:\/\/www.cimex.cz\/wp-content\/uploads\/2021\/11\/Cimex_logo_final_bila.gif\",\"width\":848,\"height\":1072,\"caption\":\"Cimex\"},\"image\":{\"@id\":\"https:\/\/www.cimex.cz\/#\/schema\/logo\/image\/\"}}]}<\/script>\n<!-- \/ Yoast SEO plugin. -->","yoast_head_json":{"title":"Project Chodovec - Cimex","robots":{"index":"index","follow":"follow","max-snippet":"max-snippet:-1","max-image-preview":"max-image-preview:large","max-video-preview":"max-video-preview:-1"},"canonical":"https:\/\/www.cimex.cz\/en\/project-blazimska\/","og_locale":"en_US","og_type":"article","og_title":"Project Chodovec - Cimex","og_description":"CHODOVEC RESIDENCE The Chodovec Residence is located on the border of Z\u00e1b\u011bhlice and Chodovec, in the Prague district of Chodov, and is loosely connected to the already unbuildable Trojmez\u00ed area. Just a few minutes walk and you are in a natural park. The Chodovec Residence project has a lot to offer! Both family and apartment &hellip; Project Chodovec Read More &raquo;","og_url":"https:\/\/www.cimex.cz\/en\/project-blazimska\/","og_site_name":"Cimex","article_modified_time":"2024-10-11T14:03:12+00:00","og_image":[{"url":"https:\/\/www.cimex.cz\/wp-content\/uploads\/elementor\/thumbs\/msinvest-chodovec-ext-02-bd-vchod-qj4k40y3fo48he2lbpejt8svvlxt1wi21oobv2i37c.webp"}],"twitter_card":"summary_large_image","twitter_misc":{"Est. reading time":"2 minutes"},"schema":{"@context":"https:\/\/schema.org","@graph":[{"@type":"WebPage","@id":"https:\/\/www.cimex.cz\/en\/project-blazimska\/","url":"https:\/\/www.cimex.cz\/en\/project-blazimska\/","name":"Project Chodovec - Cimex","isPartOf":{"@id":"https:\/\/www.cimex.cz\/#website"},"datePublished":"2021-11-04T13:13:03+00:00","dateModified":"2024-10-11T14:03:12+00:00","breadcrumb":{"@id":"https:\/\/www.cimex.cz\/en\/project-blazimska\/#breadcrumb"},"inLanguage":"en-US","potentialAction":[{"@type":"ReadAction","target":["https:\/\/www.cimex.cz\/en\/project-blazimska\/"]}]},{"@type":"BreadcrumbList","@id":"https:\/\/www.cimex.cz\/en\/project-blazimska\/#breadcrumb","itemListElement":[{"@type":"ListItem","position":1,"name":"Home","item":"https:\/\/www.cimex.cz\/en\/"},{"@type":"ListItem","position":2,"name":"Project Chodovec"}]},{"@type":"WebSite","@id":"https:\/\/www.cimex.cz\/#website","url":"https:\/\/www.cimex.cz\/","name":"Cimex","description":"","publisher":{"@id":"https:\/\/www.cimex.cz\/#organization"},"potentialAction":[{"@type":"SearchAction","target":{"@type":"EntryPoint","urlTemplate":"https:\/\/www.cimex.cz\/?s={search_term_string}"},"query-input":"required name=search_term_string"}],"inLanguage":"en-US"},{"@type":"Organization","@id":"https:\/\/www.cimex.cz\/#organization","name":"Cimex","url":"https:\/\/www.cimex.cz\/","logo":{"@type":"ImageObject","inLanguage":"en-US","@id":"https:\/\/www.cimex.cz\/#\/schema\/logo\/image\/","url":"https:\/\/www.cimex.cz\/wp-content\/uploads\/2021\/11\/Cimex_logo_final_bila.gif","contentUrl":"https:\/\/www.cimex.cz\/wp-content\/uploads\/2021\/11\/Cimex_logo_final_bila.gif","width":848,"height":1072,"caption":"Cimex"},"image":{"@id":"https:\/\/www.cimex.cz\/#\/schema\/logo\/image\/"}}]}},"_links":{"self":[{"href":"https:\/\/www.cimex.cz\/en\/wp-json\/wp\/v2\/pages\/4670","targetHints":{"allow":["GET"]}}],"collection":[{"href":"https:\/\/www.cimex.cz\/en\/wp-json\/wp\/v2\/pages"}],"about":[{"href":"https:\/\/www.cimex.cz\/en\/wp-json\/wp\/v2\/types\/page"}],"author":[{"embeddable":true,"href":"https:\/\/www.cimex.cz\/en\/wp-json\/wp\/v2\/users\/1"}],"replies":[{"embeddable":true,"href":"https:\/\/www.cimex.cz\/en\/wp-json\/wp\/v2\/comments?post=4670"}],"version-history":[{"count":21,"href":"https:\/\/www.cimex.cz\/en\/wp-json\/wp\/v2\/pages\/4670\/revisions"}],"predecessor-version":[{"id":7198,"href":"https:\/\/www.cimex.cz\/en\/wp-json\/wp\/v2\/pages\/4670\/revisions\/7198"}],"wp:attachment":[{"href":"https:\/\/www.cimex.cz\/en\/wp-json\/wp\/v2\/media?parent=4670"}],"curies":[{"name":"wp","href":"https:\/\/api.w.org\/{rel}","templated":true}]}}