{"id":4753,"date":"2021-11-04T12:29:03","date_gmt":"2021-11-04T11:29:03","guid":{"rendered":"https:\/\/www.cimex.cz\/senovazne-namesti-19\/"},"modified":"2024-01-31T16:10:44","modified_gmt":"2024-01-31T15:10:44","slug":"senovazne-namesti-19","status":"publish","type":"page","link":"https:\/\/www.cimex.cz\/en\/senovazne-namesti-19\/","title":{"rendered":"Senov\u00e1\u017en\u00e9 n\u00e1m\u011bst\u00ed 19"},"content":{"rendered":"\t\t<div data-elementor-type=\"wp-page\" data-elementor-id=\"4753\" class=\"elementor elementor-4753 elementor-2069\">\n\t\t\t\t\t\t\t\t\t<section class=\"elementor-section elementor-top-section elementor-element elementor-element-e91c34e elementor-section-boxed elementor-section-height-default elementor-section-height-default\" data-id=\"e91c34e\" data-element_type=\"section\">\n\t\t\t\t\t\t<div class=\"elementor-container elementor-column-gap-default\">\n\t\t\t\t\t<div class=\"elementor-column elementor-col-100 elementor-top-column elementor-element elementor-element-a8fd772\" data-id=\"a8fd772\" data-element_type=\"column\">\n\t\t\t<div class=\"elementor-widget-wrap elementor-element-populated\">\n\t\t\t\t\t\t\t\t<div class=\"elementor-element elementor-element-426c533 elementor-widget elementor-widget-heading\" data-id=\"426c533\" data-element_type=\"widget\" data-widget_type=\"heading.default\">\n\t\t\t\t<div class=\"elementor-widget-container\">\n\t\t\t<h2 class=\"elementor-heading-title elementor-size-default\">SENOV\u00c1\u017dN\u00c9 N\u00c1M\u011aST\u00cd 19<\/h2>\t\t<\/div>\n\t\t\t\t<\/div>\n\t\t\t\t<div class=\"elementor-element elementor-element-da71aba elementor-widget elementor-widget-text-editor\" data-id=\"da71aba\" data-element_type=\"widget\" data-widget_type=\"text-editor.default\">\n\t\t\t\t<div class=\"elementor-widget-container\">\n\t\t\t\t\t\t\t<p>Multifunctional building of 2000 m2 with commercial potential.<\/p>\t\t\t\t\t\t<\/div>\n\t\t\t\t<\/div>\n\t\t\t\t<div class=\"elementor-element elementor-element-9014a99 uael-ins-normal uael-img-carousel-arrow-outside elementor-widget elementor-widget-uael-image-gallery\" data-id=\"9014a99\" data-element_type=\"widget\" data-widget_type=\"uael-image-gallery.default\">\n\t\t\t\t<div class=\"elementor-widget-container\">\n\t\t\t<div class=\"uael-gallery-parent uael-caption- uael-gallery-unjustified\"><div data-image_carousel=\"{&quot;slidesToShow&quot;:5,&quot;slidesToScroll&quot;:1,&quot;autoplaySpeed&quot;:5000,&quot;autoplay&quot;:false,&quot;infinite&quot;:true,&quot;pauseOnHover&quot;:true,&quot;speed&quot;:500,&quot;arrows&quot;:true,&quot;dots&quot;:false,&quot;rtl&quot;:false,&quot;responsive&quot;:[{&quot;breakpoint&quot;:1024,&quot;settings&quot;:{&quot;slidesToShow&quot;:3,&quot;slidesToScroll&quot;:1}},{&quot;breakpoint&quot;:767,&quot;settings&quot;:{&quot;slidesToShow&quot;:2,&quot;slidesToScroll&quot;:1}}]}\" class=\"uael-img-gallery-wrap uael-img-carousel-wrap uael-nav-arrows uael-image-lightbox-wrap\" data-filter-default=\"All\" data-lightbox_actions=\"[&quot;close&quot;]\" data-lightbox-gallery-loop=\"\"><div class=\"uael-grid-item  uael-img-gallery-item-1\"><div class=\"uael-grid-item-content\"><a class=\"uael-grid-img uael-grid-gallery-img uael-ins-hover elementor-clickable\" data-fancybox=\"uael-gallery\" href=\"https:\/\/www.cimex.cz\/wp-content\/uploads\/2021\/11\/Teaser-Senovazne-namesti-19_EN.jpg\" data-elementor-open-lightbox=\"no\"><div class=\"uael-grid-img-thumbnail uael-ins-target\"><img decoding=\"async\" src=\"https:\/\/www.cimex.cz\/wp-content\/uploads\/elementor\/thumbs\/Teaser-Senovazne-namesti-19_EN-q65nq18u3f3wcwh4yjgqs4h8kmmwa2jdwwaunr99dk.jpg\" title=\"Teaser-Senovazne-namesti-19_EN\" alt=\"Teaser-Senovazne-namesti-19_EN\" \/><\/div><div class=\"uael-grid-img-overlay\"><\/div><\/a><\/div><\/div><div class=\"uael-grid-item  uael-img-gallery-item-2\"><div class=\"uael-grid-item-content\"><a class=\"uael-grid-img uael-grid-gallery-img uael-ins-hover elementor-clickable\" data-fancybox=\"uael-gallery\" href=\"https:\/\/www.cimex.cz\/wp-content\/uploads\/2021\/11\/Snimek10.jpg\" data-elementor-open-lightbox=\"no\"><div class=\"uael-grid-img-thumbnail uael-ins-target\"><img decoding=\"async\" src=\"https:\/\/www.cimex.cz\/wp-content\/uploads\/elementor\/thumbs\/Snimek10-q65npzd5pr1bpojv9inhn4ybduw5uobx8mzvp7c1q0.jpg\" title=\"Snimek10\" alt=\"Snimek10\" \/><\/div><div class=\"uael-grid-img-overlay\"><\/div><\/a><\/div><\/div><div class=\"uael-grid-item  uael-img-gallery-item-3\"><div class=\"uael-grid-item-content\"><a class=\"uael-grid-img uael-grid-gallery-img uael-ins-hover elementor-clickable\" data-fancybox=\"uael-gallery\" href=\"https:\/\/www.cimex.cz\/wp-content\/uploads\/2021\/11\/Snimek8.jpg\" data-elementor-open-lightbox=\"no\"><div class=\"uael-grid-img-thumbnail uael-ins-target\"><img decoding=\"async\" src=\"https:\/\/www.cimex.cz\/wp-content\/uploads\/elementor\/thumbs\/Snimek8-q65npzd5pr1bpojv9inhn4ybduw5uobx8mzvp7c1q0.jpg\" title=\"Snimek8\" alt=\"Snimek8\" \/><\/div><div class=\"uael-grid-img-overlay\"><\/div><\/a><\/div><\/div><div class=\"uael-grid-item  uael-img-gallery-item-4\"><div class=\"uael-grid-item-content\"><a class=\"uael-grid-img uael-grid-gallery-img uael-ins-hover elementor-clickable\" data-fancybox=\"uael-gallery\" href=\"https:\/\/www.cimex.cz\/wp-content\/uploads\/2021\/11\/Snimek9.jpg\" data-elementor-open-lightbox=\"no\"><div class=\"uael-grid-img-thumbnail uael-ins-target\"><img decoding=\"async\" src=\"https:\/\/www.cimex.cz\/wp-content\/uploads\/elementor\/thumbs\/Snimek9-q65npzd5pr1bpojv9inhn4ybduw5uobx8mzvp7c1q0.jpg\" title=\"Snimek9\" alt=\"Snimek9\" \/><\/div><div class=\"uael-grid-img-overlay\"><\/div><\/a><\/div><\/div><div class=\"uael-grid-item  uael-img-gallery-item-5\"><div class=\"uael-grid-item-content\"><a class=\"uael-grid-img uael-grid-gallery-img uael-ins-hover elementor-clickable\" data-fancybox=\"uael-gallery\" href=\"https:\/\/www.cimex.cz\/wp-content\/uploads\/2021\/11\/Teaser-Senovazne-namesti-19_EN_.jpg\" data-elementor-open-lightbox=\"no\"><div class=\"uael-grid-img-thumbnail uael-ins-target\"><img decoding=\"async\" src=\"https:\/\/www.cimex.cz\/wp-content\/uploads\/elementor\/thumbs\/Teaser-Senovazne-namesti-19_EN_-q65nq34ih36h04eenk9zx405redmpgqul5ltmb6h14.jpg\" title=\"Teaser-Senovazne-namesti-19_EN_\" alt=\"Teaser-Senovazne-namesti-19_EN_\" \/><\/div><div class=\"uael-grid-img-overlay\"><\/div><\/a><\/div><\/div><\/div><\/div>\t\t<\/div>\n\t\t\t\t<\/div>\n\t\t\t\t\t<\/div>\n\t\t<\/div>\n\t\t\t\t\t\t\t<\/div>\n\t\t<\/section>\n\t\t\t\t\t\t\t<\/div>\n\t\t","protected":false},"excerpt":{"rendered":"<p>SENOV\u00c1\u017dN\u00c9 N\u00c1M\u011aST\u00cd 19 Multifunctional building of 2000 m2 with commercial potential.<\/p>\n","protected":false},"author":1,"featured_media":0,"parent":0,"menu_order":0,"comment_status":"closed","ping_status":"closed","template":"","meta":{"site-sidebar-layout":"no-sidebar","site-content-layout":"page-builder","ast-main-header-display":"","ast-hfb-above-header-display":"","ast-hfb-below-header-display":"","ast-hfb-mobile-header-display":"","site-post-title":"disabled","ast-breadcrumbs-content":"","ast-featured-img":"disabled","footer-sml-layout":"","theme-transparent-header-meta":"default","adv-header-id-meta":"","stick-header-meta":"default","header-above-stick-meta":"","header-main-stick-meta":"","header-below-stick-meta":"","footnotes":""},"class_list":["post-4753","page","type-page","status-publish","hentry"],"yoast_head":"<!-- This site is optimized with the Yoast SEO plugin v19.13 - https:\/\/yoast.com\/wordpress\/plugins\/seo\/ -->\n<title>Senov\u00e1\u017en\u00e9 n\u00e1m\u011bst\u00ed 19 - Cimex<\/title>\n<meta name=\"robots\" content=\"index, follow, max-snippet:-1, max-image-preview:large, max-video-preview:-1\" \/>\n<link rel=\"canonical\" href=\"https:\/\/www.cimex.cz\/en\/senovazne-namesti-19\/\" \/>\n<meta property=\"og:locale\" content=\"en_US\" \/>\n<meta property=\"og:type\" content=\"article\" \/>\n<meta property=\"og:title\" content=\"Senov\u00e1\u017en\u00e9 n\u00e1m\u011bst\u00ed 19 - Cimex\" \/>\n<meta property=\"og:description\" content=\"SENOV\u00c1\u017dN\u00c9 N\u00c1M\u011aST\u00cd 19 Multifunctional building of 2000 m2 with commercial potential.\" \/>\n<meta property=\"og:url\" content=\"https:\/\/www.cimex.cz\/en\/senovazne-namesti-19\/\" \/>\n<meta property=\"og:site_name\" content=\"Cimex\" \/>\n<meta property=\"article:modified_time\" content=\"2024-01-31T15:10:44+00:00\" \/>\n<meta property=\"og:image\" content=\"https:\/\/www.cimex.cz\/wp-content\/uploads\/elementor\/thumbs\/Teaser-Senovazne-namesti-19_EN-q65nq18u3f3wcwh4yjgqs4h8kmmwa2jdwwaunr99dk.jpg\" \/>\n<meta name=\"twitter:card\" content=\"summary_large_image\" \/>\n<script type=\"application\/ld+json\" class=\"yoast-schema-graph\">{\"@context\":\"https:\/\/schema.org\",\"@graph\":[{\"@type\":\"WebPage\",\"@id\":\"https:\/\/www.cimex.cz\/en\/senovazne-namesti-19\/\",\"url\":\"https:\/\/www.cimex.cz\/en\/senovazne-namesti-19\/\",\"name\":\"Senov\u00e1\u017en\u00e9 n\u00e1m\u011bst\u00ed 19 - Cimex\",\"isPartOf\":{\"@id\":\"https:\/\/www.cimex.cz\/#website\"},\"datePublished\":\"2021-11-04T11:29:03+00:00\",\"dateModified\":\"2024-01-31T15:10:44+00:00\",\"breadcrumb\":{\"@id\":\"https:\/\/www.cimex.cz\/en\/senovazne-namesti-19\/#breadcrumb\"},\"inLanguage\":\"en-US\",\"potentialAction\":[{\"@type\":\"ReadAction\",\"target\":[\"https:\/\/www.cimex.cz\/en\/senovazne-namesti-19\/\"]}]},{\"@type\":\"BreadcrumbList\",\"@id\":\"https:\/\/www.cimex.cz\/en\/senovazne-namesti-19\/#breadcrumb\",\"itemListElement\":[{\"@type\":\"ListItem\",\"position\":1,\"name\":\"Home\",\"item\":\"https:\/\/www.cimex.cz\/en\/\"},{\"@type\":\"ListItem\",\"position\":2,\"name\":\"Senov\u00e1\u017en\u00e9 n\u00e1m\u011bst\u00ed 19\"}]},{\"@type\":\"WebSite\",\"@id\":\"https:\/\/www.cimex.cz\/#website\",\"url\":\"https:\/\/www.cimex.cz\/\",\"name\":\"Cimex\",\"description\":\"\",\"publisher\":{\"@id\":\"https:\/\/www.cimex.cz\/#organization\"},\"potentialAction\":[{\"@type\":\"SearchAction\",\"target\":{\"@type\":\"EntryPoint\",\"urlTemplate\":\"https:\/\/www.cimex.cz\/?s={search_term_string}\"},\"query-input\":\"required name=search_term_string\"}],\"inLanguage\":\"en-US\"},{\"@type\":\"Organization\",\"@id\":\"https:\/\/www.cimex.cz\/#organization\",\"name\":\"Cimex\",\"url\":\"https:\/\/www.cimex.cz\/\",\"logo\":{\"@type\":\"ImageObject\",\"inLanguage\":\"en-US\",\"@id\":\"https:\/\/www.cimex.cz\/#\/schema\/logo\/image\/\",\"url\":\"https:\/\/www.cimex.cz\/wp-content\/uploads\/2021\/11\/Cimex_logo_final_bila.gif\",\"contentUrl\":\"https:\/\/www.cimex.cz\/wp-content\/uploads\/2021\/11\/Cimex_logo_final_bila.gif\",\"width\":848,\"height\":1072,\"caption\":\"Cimex\"},\"image\":{\"@id\":\"https:\/\/www.cimex.cz\/#\/schema\/logo\/image\/\"}}]}<\/script>\n<!-- \/ Yoast SEO plugin. -->","yoast_head_json":{"title":"Senov\u00e1\u017en\u00e9 n\u00e1m\u011bst\u00ed 19 - Cimex","robots":{"index":"index","follow":"follow","max-snippet":"max-snippet:-1","max-image-preview":"max-image-preview:large","max-video-preview":"max-video-preview:-1"},"canonical":"https:\/\/www.cimex.cz\/en\/senovazne-namesti-19\/","og_locale":"en_US","og_type":"article","og_title":"Senov\u00e1\u017en\u00e9 n\u00e1m\u011bst\u00ed 19 - Cimex","og_description":"SENOV\u00c1\u017dN\u00c9 N\u00c1M\u011aST\u00cd 19 Multifunctional building of 2000 m2 with commercial potential.","og_url":"https:\/\/www.cimex.cz\/en\/senovazne-namesti-19\/","og_site_name":"Cimex","article_modified_time":"2024-01-31T15:10:44+00:00","og_image":[{"url":"https:\/\/www.cimex.cz\/wp-content\/uploads\/elementor\/thumbs\/Teaser-Senovazne-namesti-19_EN-q65nq18u3f3wcwh4yjgqs4h8kmmwa2jdwwaunr99dk.jpg"}],"twitter_card":"summary_large_image","schema":{"@context":"https:\/\/schema.org","@graph":[{"@type":"WebPage","@id":"https:\/\/www.cimex.cz\/en\/senovazne-namesti-19\/","url":"https:\/\/www.cimex.cz\/en\/senovazne-namesti-19\/","name":"Senov\u00e1\u017en\u00e9 n\u00e1m\u011bst\u00ed 19 - Cimex","isPartOf":{"@id":"https:\/\/www.cimex.cz\/#website"},"datePublished":"2021-11-04T11:29:03+00:00","dateModified":"2024-01-31T15:10:44+00:00","breadcrumb":{"@id":"https:\/\/www.cimex.cz\/en\/senovazne-namesti-19\/#breadcrumb"},"inLanguage":"en-US","potentialAction":[{"@type":"ReadAction","target":["https:\/\/www.cimex.cz\/en\/senovazne-namesti-19\/"]}]},{"@type":"BreadcrumbList","@id":"https:\/\/www.cimex.cz\/en\/senovazne-namesti-19\/#breadcrumb","itemListElement":[{"@type":"ListItem","position":1,"name":"Home","item":"https:\/\/www.cimex.cz\/en\/"},{"@type":"ListItem","position":2,"name":"Senov\u00e1\u017en\u00e9 n\u00e1m\u011bst\u00ed 19"}]},{"@type":"WebSite","@id":"https:\/\/www.cimex.cz\/#website","url":"https:\/\/www.cimex.cz\/","name":"Cimex","description":"","publisher":{"@id":"https:\/\/www.cimex.cz\/#organization"},"potentialAction":[{"@type":"SearchAction","target":{"@type":"EntryPoint","urlTemplate":"https:\/\/www.cimex.cz\/?s={search_term_string}"},"query-input":"required name=search_term_string"}],"inLanguage":"en-US"},{"@type":"Organization","@id":"https:\/\/www.cimex.cz\/#organization","name":"Cimex","url":"https:\/\/www.cimex.cz\/","logo":{"@type":"ImageObject","inLanguage":"en-US","@id":"https:\/\/www.cimex.cz\/#\/schema\/logo\/image\/","url":"https:\/\/www.cimex.cz\/wp-content\/uploads\/2021\/11\/Cimex_logo_final_bila.gif","contentUrl":"https:\/\/www.cimex.cz\/wp-content\/uploads\/2021\/11\/Cimex_logo_final_bila.gif","width":848,"height":1072,"caption":"Cimex"},"image":{"@id":"https:\/\/www.cimex.cz\/#\/schema\/logo\/image\/"}}]}},"_links":{"self":[{"href":"https:\/\/www.cimex.cz\/en\/wp-json\/wp\/v2\/pages\/4753","targetHints":{"allow":["GET"]}}],"collection":[{"href":"https:\/\/www.cimex.cz\/en\/wp-json\/wp\/v2\/pages"}],"about":[{"href":"https:\/\/www.cimex.cz\/en\/wp-json\/wp\/v2\/types\/page"}],"author":[{"embeddable":true,"href":"https:\/\/www.cimex.cz\/en\/wp-json\/wp\/v2\/users\/1"}],"replies":[{"embeddable":true,"href":"https:\/\/www.cimex.cz\/en\/wp-json\/wp\/v2\/comments?post=4753"}],"version-history":[{"count":4,"href":"https:\/\/www.cimex.cz\/en\/wp-json\/wp\/v2\/pages\/4753\/revisions"}],"predecessor-version":[{"id":6587,"href":"https:\/\/www.cimex.cz\/en\/wp-json\/wp\/v2\/pages\/4753\/revisions\/6587"}],"wp:attachment":[{"href":"https:\/\/www.cimex.cz\/en\/wp-json\/wp\/v2\/media?parent=4753"}],"curies":[{"name":"wp","href":"https:\/\/api.w.org\/{rel}","templated":true}]}}